{"id":161,"date":"2021-02-09T14:51:40","date_gmt":"2021-02-09T13:51:40","guid":{"rendered":"http:\/\/mapochettecadeaux.fr\/?page_id=161"},"modified":"2021-03-25T11:41:03","modified_gmt":"2021-03-25T10:41:03","slug":"a-propos","status":"publish","type":"page","link":"https:\/\/mapochettecadeaux.fr\/?page_id=161","title":{"rendered":"A propos"},"content":{"rendered":"<div style=\"display: none;\"\n    class=\"kk-star-ratings kksr-valign-top kksr-align-left \"\n    data-id=\"161\"\n    data-slug=\"\">\n    <div class=\"kksr-stars\">\n    <div class=\"kksr-stars-inactive\">\n            <div class=\"kksr-star\" data-star=\"1\">\n            <div class=\"kksr-icon\" style=\"width: 24px; height: 24px;\"><\/div>\n        <\/div>\n            <div class=\"kksr-star\" data-star=\"2\">\n            <div class=\"kksr-icon\" style=\"width: 24px; height: 24px;\"><\/div>\n        <\/div>\n            <div class=\"kksr-star\" data-star=\"3\">\n            <div class=\"kksr-icon\" style=\"width: 24px; height: 24px;\"><\/div>\n        <\/div>\n            <div class=\"kksr-star\" data-star=\"4\">\n            <div class=\"kksr-icon\" style=\"width: 24px; height: 24px;\"><\/div>\n        <\/div>\n            <div class=\"kksr-star\" data-star=\"5\">\n            <div class=\"kksr-icon\" style=\"width: 24px; height: 24px;\"><\/div>\n        <\/div>\n    <\/div>\n    <div class=\"kksr-stars-active\" style=\"width: 140px;\">\n            <div class=\"kksr-star\">\n            <div class=\"kksr-icon\" style=\"width: 24px; height: 24px;\"><\/div>\n        <\/div>\n            <div class=\"kksr-star\">\n            <div class=\"kksr-icon\" style=\"width: 24px; height: 24px;\"><\/div>\n        <\/div>\n            <div class=\"kksr-star\">\n            <div class=\"kksr-icon\" style=\"width: 24px; height: 24px;\"><\/div>\n        <\/div>\n            <div class=\"kksr-star\">\n            <div class=\"kksr-icon\" style=\"width: 24px; height: 24px;\"><\/div>\n        <\/div>\n            <div class=\"kksr-star\">\n            <div class=\"kksr-icon\" style=\"width: 24px; height: 24px;\"><\/div>\n        <\/div>\n    <\/div>\n<\/div>\n    <div class=\"kksr-legend\">\n            <strong class=\"kksr-score\">5<\/strong>\n        <span class=\"kksr-muted\">\/<\/span>\n        <strong>5<\/strong>\n        <span class=\"kksr-muted\">(<\/span>\n        <strong class=\"kksr-count\">1<\/strong>\n        <span class=\"kksr-muted\">\n            vote        <\/span>\n        <span class=\"kksr-muted\">)<\/span>\n    <\/div>\n<\/div>\n\t\t<div data-elementor-type=\"wp-page\" data-elementor-id=\"161\" class=\"elementor elementor-161\" data-elementor-settings=\"[]\">\n\t\t\t\t\t\t\t<div class=\"elementor-section-wrap\">\n\t\t\t\t\t\t\t<section class=\"elementor-section elementor-top-section elementor-element elementor-element-45bb5c7 elementor-section-boxed elementor-section-height-default elementor-section-height-default\" data-id=\"45bb5c7\" data-element_type=\"section\">\n\t\t\t\t\t\t<div class=\"elementor-container elementor-column-gap-default\">\n\t\t\t\t\t<div class=\"elementor-column elementor-col-100 elementor-top-column elementor-element elementor-element-7467d71\" data-id=\"7467d71\" data-element_type=\"column\">\n\t\t\t<div class=\"elementor-widget-wrap elementor-element-populated\">\n\t\t\t\t\t\t\t\t<div class=\"elementor-element elementor-element-ebe47bb elementor-widget elementor-widget-heading\" data-id=\"ebe47bb\" data-element_type=\"widget\" data-widget_type=\"heading.default\">\n\t\t\t\t<div class=\"elementor-widget-container\">\n\t\t\t<h2 class=\"elementor-heading-title elementor-size-default\">A PROPOS DE MA POCHETTE CADEAUX<\/h2>\t\t<\/div>\n\t\t\t\t<\/div>\n\t\t\t\t\t<\/div>\n\t\t<\/div>\n\t\t\t\t\t\t\t<\/div>\n\t\t<\/section>\n\t\t\t\t<section class=\"elementor-section elementor-top-section elementor-element elementor-element-59a45de elementor-section-boxed elementor-section-height-default elementor-section-height-default\" data-id=\"59a45de\" data-element_type=\"section\">\n\t\t\t\t\t\t<div class=\"elementor-container elementor-column-gap-default\">\n\t\t\t\t\t<div class=\"elementor-column elementor-col-50 elementor-top-column elementor-element elementor-element-faf6b8a\" data-id=\"faf6b8a\" data-element_type=\"column\">\n\t\t\t<div class=\"elementor-widget-wrap elementor-element-populated\">\n\t\t\t\t\t\t\t\t<div class=\"elementor-element elementor-element-e95c75c elementor-widget elementor-widget-image\" data-id=\"e95c75c\" data-element_type=\"widget\" data-widget_type=\"image.default\">\n\t\t\t\t<div class=\"elementor-widget-container\">\n\t\t\t\t\t<div class=\"elementor-image\">\n\t\t\t\t\t\t\t\t\t\t<img width=\"500\" height=\"500\" src=\"https:\/\/mapochettecadeaux.fr\/wp-content\/uploads\/2021\/02\/Logo-detoure-Ma-pochette-cadeaux-.png\" class=\"attachment-large size-large\" alt=\"\" loading=\"lazy\" srcset=\"https:\/\/mapochettecadeaux.fr\/wp-content\/uploads\/2021\/02\/Logo-detoure-Ma-pochette-cadeaux-.png 500w, https:\/\/mapochettecadeaux.fr\/wp-content\/uploads\/2021\/02\/Logo-detoure-Ma-pochette-cadeaux--300x300.png 300w, https:\/\/mapochettecadeaux.fr\/wp-content\/uploads\/2021\/02\/Logo-detoure-Ma-pochette-cadeaux--150x150.png 150w\" sizes=\"(max-width: 500px) 100vw, 500px\" \/>\t\t\t\t\t\t\t\t\t\t\t<\/div>\n\t\t\t\t<\/div>\n\t\t\t\t<\/div>\n\t\t\t\t\t<\/div>\n\t\t<\/div>\n\t\t\t\t<div class=\"elementor-column elementor-col-50 elementor-top-column elementor-element elementor-element-f171b25\" data-id=\"f171b25\" data-element_type=\"column\">\n\t\t\t<div class=\"elementor-widget-wrap elementor-element-populated\">\n\t\t\t\t\t\t\t\t<div class=\"elementor-element elementor-element-eda8633 elementor-widget elementor-widget-text-editor\" data-id=\"eda8633\" data-element_type=\"widget\" data-widget_type=\"text-editor.default\">\n\t\t\t\t<div class=\"elementor-widget-container\">\n\t\t\t\t\t<div class=\"elementor-text-editor elementor-clearfix\"><p><span style=\"font-size: inherit;\">Les mots du fondateur:\u00a0<\/span><\/p><p><span style=\"font-size: inherit;\">\u00ab\u00a0<\/span><span style=\"font-size: inherit;\">La technologie permet de cr\u00e9er de nouveaux usages et de nous faciliter notre quotidien. Mais attention de ne pas confondre l\u2019utile et le superflus non n\u00e9cessaire. Chez Mapochettecadeaux, situ\u00e9s \u00e0 Nantes, nous sommes convaincus que l\u2019humain doit rester au centre et que les innovations doivent \u00eatre \u00e0 son service. C\u2019est pourquoi, nous d\u00e9veloppons de nouvelles solutions afin de vous faciliter l\u2019achat de vos emballages personnalis\u00e9s. Au del\u00e0 de vous proposer un produit remarquable nous vous offrons une \u00e9coute et un accompagnement sur mesure. Vous ne serez pas qu\u2019un num\u00e9ro client !\u201d<\/span><\/p><p><o:p><\/o:p><\/p><p><span style=\"font-size: inherit;\">Ma pochette cadeaux est une marque de Pack-e<\/span><\/p><\/div>\n\t\t\t\t<\/div>\n\t\t\t\t<\/div>\n\t\t\t\t\t<\/div>\n\t\t<\/div>\n\t\t\t\t\t\t\t<\/div>\n\t\t<\/section>\n\t\t\t\t<section class=\"elementor-section elementor-top-section elementor-element elementor-element-6fbcb108 elementor-section-content-middle elementor-section-boxed elementor-section-height-default elementor-section-height-default\" data-id=\"6fbcb108\" data-element_type=\"section\" data-settings=\"{&quot;background_background&quot;:&quot;classic&quot;}\">\n\t\t\t\t\t\t\t<div class=\"elementor-background-overlay\"><\/div>\n\t\t\t\t\t\t\t<div class=\"elementor-container elementor-column-gap-default\">\n\t\t\t\t\t<div class=\"elementor-column elementor-col-100 elementor-top-column elementor-element elementor-element-2527e27e\" data-id=\"2527e27e\" data-element_type=\"column\">\n\t\t\t<div class=\"elementor-widget-wrap elementor-element-populated\">\n\t\t\t\t\t\t\t\t<div class=\"elementor-element elementor-element-179bc301 elementor-widget elementor-widget-heading\" data-id=\"179bc301\" data-element_type=\"widget\" data-widget_type=\"heading.default\">\n\t\t\t\t<div class=\"elementor-widget-container\">\n\t\t\t<h2 class=\"elementor-heading-title elementor-size-large\">Ils nous font confiance<\/h2>\t\t<\/div>\n\t\t\t\t<\/div>\n\t\t\t\t<div class=\"elementor-element elementor-element-33414cb elementor-widget elementor-widget-text-editor\" data-id=\"33414cb\" data-element_type=\"widget\" data-widget_type=\"text-editor.default\">\n\t\t\t\t<div class=\"elementor-widget-container\">\n\t\t\t\t\t<div class=\"elementor-text-editor elementor-clearfix\"><\/div>\n\t\t\t\t<\/div>\n\t\t\t\t<\/div>\n\t\t\t\t<div class=\"elementor-element elementor-element-49b0a556 elementor-arrows-position-outside elementor-widget elementor-widget-image-carousel\" data-id=\"49b0a556\" data-element_type=\"widget\" data-settings=\"{&quot;slides_to_show&quot;:&quot;3&quot;,&quot;slides_to_scroll&quot;:&quot;2&quot;,&quot;navigation&quot;:&quot;arrows&quot;,&quot;autoplay&quot;:&quot;no&quot;,&quot;speed&quot;:1000,&quot;infinite&quot;:&quot;yes&quot;,&quot;image_spacing_custom&quot;:{&quot;unit&quot;:&quot;px&quot;,&quot;size&quot;:20,&quot;sizes&quot;:[]}}\" data-widget_type=\"image-carousel.default\">\n\t\t\t\t<div class=\"elementor-widget-container\">\n\t\t\t\t\t<div class=\"elementor-image-carousel-wrapper swiper-container\" dir=\"ltr\">\n\t\t\t<div class=\"elementor-image-carousel swiper-wrapper\">\n\t\t\t\t<div class=\"swiper-slide\"><figure class=\"swiper-slide-inner\"><img class=\"swiper-slide-image\" src=\"https:\/\/mapochettecadeaux.fr\/wp-content\/uploads\/elementor\/thumbs\/House_of_California-removebg-preview-p40ordp1y5latnryql537j39c6n2b9mptf7wj4jttw.png\" alt=\"House_of_California-removebg-preview\" \/><\/figure><\/div><div class=\"swiper-slide\"><figure class=\"swiper-slide-inner\"><img class=\"swiper-slide-image\" src=\"https:\/\/mapochettecadeaux.fr\/wp-content\/uploads\/elementor\/thumbs\/EPICERY-removebg-preview-p40oxlen4q3jkur0g9uaoymypw0f78au06hgqzc4p0.png\" alt=\"EPICERY-removebg-preview\" \/><\/figure><\/div><div class=\"swiper-slide\"><figure class=\"swiper-slide-inner\"><img class=\"swiper-slide-image\" src=\"https:\/\/mapochettecadeaux.fr\/wp-content\/uploads\/elementor\/thumbs\/vEJA-removebg-preview-p40oy1dwcwpf283suyqydclstftnu329qdkpwoofr8.png\" alt=\"vEJA-removebg-preview\" \/><\/figure><\/div>\t\t\t<\/div>\n\t\t\t\t\t\t\t\t\t\t\t\t\t\t\t\t<div class=\"elementor-swiper-button elementor-swiper-button-prev\">\n\t\t\t\t\t\t<i class=\"eicon-chevron-left\" aria-hidden=\"true\"><\/i>\n\t\t\t\t\t\t<span class=\"elementor-screen-only\">Pr\u00e9c\u00e9dent<\/span>\n\t\t\t\t\t<\/div>\n\t\t\t\t\t<div class=\"elementor-swiper-button elementor-swiper-button-next\">\n\t\t\t\t\t\t<i class=\"eicon-chevron-right\" aria-hidden=\"true\"><\/i>\n\t\t\t\t\t\t<span class=\"elementor-screen-only\">Suivant<\/span>\n\t\t\t\t\t<\/div>\n\t\t\t\t\t\t\t\t\t<\/div>\n\t\t\t\t<\/div>\n\t\t\t\t<\/div>\n\t\t\t\t<div class=\"elementor-element elementor-element-40b5149e elementor-widget elementor-widget-spacer\" data-id=\"40b5149e\" data-element_type=\"widget\" data-widget_type=\"spacer.default\">\n\t\t\t\t<div class=\"elementor-widget-container\">\n\t\t\t\t\t<div class=\"elementor-spacer\">\n\t\t\t<div class=\"elementor-spacer-inner\"><\/div>\n\t\t<\/div>\n\t\t\t\t<\/div>\n\t\t\t\t<\/div>\n\t\t\t\t<div class=\"elementor-element elementor-element-7febdf17 elementor-align-center elementor-widget elementor-widget-button\" data-id=\"7febdf17\" data-element_type=\"widget\" data-widget_type=\"button.default\">\n\t\t\t\t<div class=\"elementor-widget-container\">\n\t\t\t\t\t<div class=\"elementor-button-wrapper\">\n\t\t\t<a href=\"https:\/\/www.pack-e.fr\/ils-nous-font-confiance\" class=\"elementor-button-link elementor-button elementor-size-sm\" role=\"button\">\n\t\t\t\t\t\t<span class=\"elementor-button-content-wrapper\">\n\t\t\t\t\t\t<span class=\"elementor-button-text\">T\u00e9moignages<\/span>\n\t\t<\/span>\n\t\t\t\t\t<\/a>\n\t\t<\/div>\n\t\t\t\t<\/div>\n\t\t\t\t<\/div>\n\t\t\t\t\t<\/div>\n\t\t<\/div>\n\t\t\t\t\t\t\t<\/div>\n\t\t<\/section>\n\t\t\t\t\t\t<\/div>\n\t\t\t\t\t<\/div>\n\t\t","protected":false},"excerpt":{"rendered":"<p>5 \/ 5 ( 1 vote ) A PROPOS DE MA POCHETTE CADEAUX Les mots du fondateur:\u00a0 \u00ab\u00a0La technologie permet de cr\u00e9er de nouveaux usages et de nous faciliter notre quotidien. Mais attention de ne pas confondre l\u2019utile et le superflus non n\u00e9cessaire. Chez Mapochettecadeaux, situ\u00e9s \u00e0 Nantes, nous sommes [&hellip;]<\/p>\n","protected":false},"author":1,"featured_media":0,"parent":0,"menu_order":2,"comment_status":"closed","ping_status":"closed","template":"page-templates\/template-pagebuilder-full-width.php","meta":[],"yoast_head":"<!-- This site is optimized with the Yoast SEO plugin v16.0.2 - https:\/\/yoast.com\/wordpress\/plugins\/seo\/ -->\n<title>Pochettes cadeaux personnalis\u00e9es - mapochettecadeaux.fr<\/title>\n<meta name=\"description\" content=\"Emballez vos cadeaux de fa\u00e7on originale avec la parfaite pochette papier cadeau personnalis\u00e9e.\" \/>\n<link rel=\"canonical\" href=\"https:\/\/mapochettecadeaux.fr\/?page_id=161\" \/>\n<meta property=\"og:locale\" content=\"fr_FR\" \/>\n<meta property=\"og:type\" content=\"article\" \/>\n<meta property=\"og:title\" content=\"Pochettes cadeaux personnalis\u00e9es - mapochettecadeaux.fr\" \/>\n<meta property=\"og:description\" content=\"Emballez vos cadeaux de fa\u00e7on originale avec la parfaite pochette papier cadeau personnalis\u00e9e.\" \/>\n<meta property=\"og:url\" content=\"https:\/\/mapochettecadeaux.fr\/?page_id=161\" \/>\n<meta property=\"og:site_name\" content=\"mapochettecadeaux.fr\" \/>\n<meta property=\"article:modified_time\" content=\"2021-03-25T10:41:03+00:00\" \/>\n<meta property=\"og:image\" content=\"https:\/\/mapochettecadeaux.fr\/wp-content\/uploads\/2021\/02\/Logo-detoure-Ma-pochette-cadeaux-.png\" \/>\n<meta name=\"twitter:card\" content=\"summary_large_image\" \/>\n<meta name=\"twitter:label1\" content=\"Dur\u00e9e de lecture est.\">\n\t<meta name=\"twitter:data1\" content=\"3 minutes\">\n<script type=\"application\/ld+json\" class=\"yoast-schema-graph\">{\"@context\":\"https:\/\/schema.org\",\"@graph\":[{\"@type\":\"WebSite\",\"@id\":\"https:\/\/mapochettecadeaux.fr\/#website\",\"url\":\"https:\/\/mapochettecadeaux.fr\/\",\"name\":\"mapochettecadeaux.fr\",\"description\":\"Un site utilisant WordPress\",\"potentialAction\":[{\"@type\":\"SearchAction\",\"target\":\"https:\/\/mapochettecadeaux.fr\/?s={search_term_string}\",\"query-input\":\"required name=search_term_string\"}],\"inLanguage\":\"fr-FR\"},{\"@type\":\"ImageObject\",\"@id\":\"https:\/\/mapochettecadeaux.fr\/?page_id=161#primaryimage\",\"inLanguage\":\"fr-FR\",\"url\":\"https:\/\/mapochettecadeaux.fr\/wp-content\/uploads\/2021\/02\/Logo-detoure-Ma-pochette-cadeaux-.png\",\"width\":500,\"height\":500},{\"@type\":\"WebPage\",\"@id\":\"https:\/\/mapochettecadeaux.fr\/?page_id=161#webpage\",\"url\":\"https:\/\/mapochettecadeaux.fr\/?page_id=161\",\"name\":\"Pochettes cadeaux personnalis\\u00e9es - mapochettecadeaux.fr\",\"isPartOf\":{\"@id\":\"https:\/\/mapochettecadeaux.fr\/#website\"},\"primaryImageOfPage\":{\"@id\":\"https:\/\/mapochettecadeaux.fr\/?page_id=161#primaryimage\"},\"datePublished\":\"2021-02-09T13:51:40+00:00\",\"dateModified\":\"2021-03-25T10:41:03+00:00\",\"description\":\"Emballez vos cadeaux de fa\\u00e7on originale avec la parfaite pochette papier cadeau personnalis\\u00e9e.\",\"breadcrumb\":{\"@id\":\"https:\/\/mapochettecadeaux.fr\/?page_id=161#breadcrumb\"},\"inLanguage\":\"fr-FR\",\"potentialAction\":[{\"@type\":\"ReadAction\",\"target\":[\"https:\/\/mapochettecadeaux.fr\/?page_id=161\"]}]},{\"@type\":\"BreadcrumbList\",\"@id\":\"https:\/\/mapochettecadeaux.fr\/?page_id=161#breadcrumb\",\"itemListElement\":[{\"@type\":\"ListItem\",\"position\":1,\"item\":{\"@type\":\"WebPage\",\"@id\":\"https:\/\/mapochettecadeaux.fr\/\",\"url\":\"https:\/\/mapochettecadeaux.fr\/\",\"name\":\"Accueil\"}},{\"@type\":\"ListItem\",\"position\":2,\"item\":{\"@type\":\"WebPage\",\"@id\":\"https:\/\/mapochettecadeaux.fr\/?page_id=161\",\"url\":\"https:\/\/mapochettecadeaux.fr\/?page_id=161\",\"name\":\"A propos\"}}]}]}<\/script>\n<!-- \/ Yoast SEO plugin. -->","amp_validity":null,"amp_enabled":false,"_links":{"self":[{"href":"https:\/\/mapochettecadeaux.fr\/index.php?rest_route=\/wp\/v2\/pages\/161"}],"collection":[{"href":"https:\/\/mapochettecadeaux.fr\/index.php?rest_route=\/wp\/v2\/pages"}],"about":[{"href":"https:\/\/mapochettecadeaux.fr\/index.php?rest_route=\/wp\/v2\/types\/page"}],"author":[{"embeddable":true,"href":"https:\/\/mapochettecadeaux.fr\/index.php?rest_route=\/wp\/v2\/users\/1"}],"replies":[{"embeddable":true,"href":"https:\/\/mapochettecadeaux.fr\/index.php?rest_route=%2Fwp%2Fv2%2Fcomments&post=161"}],"version-history":[{"count":53,"href":"https:\/\/mapochettecadeaux.fr\/index.php?rest_route=\/wp\/v2\/pages\/161\/revisions"}],"predecessor-version":[{"id":481,"href":"https:\/\/mapochettecadeaux.fr\/index.php?rest_route=\/wp\/v2\/pages\/161\/revisions\/481"}],"wp:attachment":[{"href":"https:\/\/mapochettecadeaux.fr\/index.php?rest_route=%2Fwp%2Fv2%2Fmedia&parent=161"}],"curies":[{"name":"wp","href":"https:\/\/api.w.org\/{rel}","templated":true}]}}