{"id":517,"date":"2021-03-25T11:42:43","date_gmt":"2021-03-25T10:42:43","guid":{"rendered":"https:\/\/mapochettecadeaux.fr\/?page_id=517"},"modified":"2021-03-30T09:49:01","modified_gmt":"2021-03-30T07:49:01","slug":"informations-pratiques","status":"publish","type":"page","link":"https:\/\/mapochettecadeaux.fr\/?page_id=517","title":{"rendered":"Informations pratiques"},"content":{"rendered":"<div style=\"display: none;\"\n    class=\"kk-star-ratings kksr-valign-top kksr-align-left \"\n    data-id=\"517\"\n    data-slug=\"\">\n    <div class=\"kksr-stars\">\n    <div class=\"kksr-stars-inactive\">\n            <div class=\"kksr-star\" data-star=\"1\">\n            <div class=\"kksr-icon\" style=\"width: 24px; height: 24px;\"><\/div>\n        <\/div>\n            <div class=\"kksr-star\" data-star=\"2\">\n            <div class=\"kksr-icon\" style=\"width: 24px; height: 24px;\"><\/div>\n        <\/div>\n            <div class=\"kksr-star\" data-star=\"3\">\n            <div class=\"kksr-icon\" style=\"width: 24px; height: 24px;\"><\/div>\n        <\/div>\n            <div class=\"kksr-star\" data-star=\"4\">\n            <div class=\"kksr-icon\" style=\"width: 24px; height: 24px;\"><\/div>\n        <\/div>\n            <div class=\"kksr-star\" data-star=\"5\">\n            <div class=\"kksr-icon\" style=\"width: 24px; height: 24px;\"><\/div>\n        <\/div>\n    <\/div>\n    <div class=\"kksr-stars-active\" style=\"width: 140px;\">\n            <div class=\"kksr-star\">\n            <div class=\"kksr-icon\" style=\"width: 24px; height: 24px;\"><\/div>\n        <\/div>\n            <div class=\"kksr-star\">\n            <div class=\"kksr-icon\" style=\"width: 24px; height: 24px;\"><\/div>\n        <\/div>\n            <div class=\"kksr-star\">\n            <div class=\"kksr-icon\" style=\"width: 24px; height: 24px;\"><\/div>\n        <\/div>\n            <div class=\"kksr-star\">\n            <div class=\"kksr-icon\" style=\"width: 24px; height: 24px;\"><\/div>\n        <\/div>\n            <div class=\"kksr-star\">\n            <div class=\"kksr-icon\" style=\"width: 24px; height: 24px;\"><\/div>\n        <\/div>\n    <\/div>\n<\/div>\n    <div class=\"kksr-legend\">\n            <strong class=\"kksr-score\">5<\/strong>\n        <span class=\"kksr-muted\">\/<\/span>\n        <strong>5<\/strong>\n        <span class=\"kksr-muted\">(<\/span>\n        <strong class=\"kksr-count\">1<\/strong>\n        <span class=\"kksr-muted\">\n            vote        <\/span>\n        <span class=\"kksr-muted\">)<\/span>\n    <\/div>\n<\/div>\n\t\t<div data-elementor-type=\"wp-page\" data-elementor-id=\"517\" class=\"elementor elementor-517\" data-elementor-settings=\"[]\">\n\t\t\t\t\t\t\t<div class=\"elementor-section-wrap\">\n\t\t\t\t\t\t\t<section class=\"elementor-section elementor-top-section elementor-element elementor-element-3a322ef elementor-section-boxed elementor-section-height-default elementor-section-height-default\" data-id=\"3a322ef\" data-element_type=\"section\">\n\t\t\t\t\t\t<div class=\"elementor-container elementor-column-gap-default\">\n\t\t\t\t\t<div class=\"elementor-column elementor-col-100 elementor-top-column elementor-element elementor-element-4c12330\" data-id=\"4c12330\" data-element_type=\"column\">\n\t\t\t<div class=\"elementor-widget-wrap elementor-element-populated\">\n\t\t\t\t\t\t\t\t<div class=\"elementor-element elementor-element-80e7d9e elementor-widget elementor-widget-heading\" data-id=\"80e7d9e\" data-element_type=\"widget\" data-widget_type=\"heading.default\">\n\t\t\t\t<div class=\"elementor-widget-container\">\n\t\t\t<h2 class=\"elementor-heading-title elementor-size-default\">CREER SA POCHETTE CADEAUX<\/h2>\t\t<\/div>\n\t\t\t\t<\/div>\n\t\t\t\t\t<\/div>\n\t\t<\/div>\n\t\t\t\t\t\t\t<\/div>\n\t\t<\/section>\n\t\t\t\t<section class=\"elementor-section elementor-top-section elementor-element elementor-element-cd73d77 elementor-section-boxed elementor-section-height-default elementor-section-height-default\" data-id=\"cd73d77\" data-element_type=\"section\">\n\t\t\t\t\t\t<div class=\"elementor-container elementor-column-gap-default\">\n\t\t\t\t\t<div class=\"elementor-column elementor-col-100 elementor-top-column elementor-element elementor-element-132f36b\" data-id=\"132f36b\" data-element_type=\"column\">\n\t\t\t<div class=\"elementor-widget-wrap elementor-element-populated\">\n\t\t\t\t\t\t\t\t<div class=\"elementor-element elementor-element-93c7e09 elementor-widget elementor-widget-spacer\" data-id=\"93c7e09\" data-element_type=\"widget\" data-widget_type=\"spacer.default\">\n\t\t\t\t<div class=\"elementor-widget-container\">\n\t\t\t\t\t<div class=\"elementor-spacer\">\n\t\t\t<div class=\"elementor-spacer-inner\"><\/div>\n\t\t<\/div>\n\t\t\t\t<\/div>\n\t\t\t\t<\/div>\n\t\t\t\t\t<\/div>\n\t\t<\/div>\n\t\t\t\t\t\t\t<\/div>\n\t\t<\/section>\n\t\t\t\t<section class=\"elementor-section elementor-top-section elementor-element elementor-element-f7e7878 elementor-section-boxed elementor-section-height-default elementor-section-height-default\" data-id=\"f7e7878\" data-element_type=\"section\">\n\t\t\t\t\t\t<div class=\"elementor-container elementor-column-gap-default\">\n\t\t\t\t\t<div class=\"elementor-column elementor-col-50 elementor-top-column elementor-element elementor-element-2f28d4b\" data-id=\"2f28d4b\" data-element_type=\"column\">\n\t\t\t<div class=\"elementor-widget-wrap elementor-element-populated\">\n\t\t\t\t\t\t\t\t<div class=\"elementor-element elementor-element-8673df2 elementor-widget elementor-widget-image\" data-id=\"8673df2\" data-element_type=\"widget\" data-widget_type=\"image.default\">\n\t\t\t\t<div class=\"elementor-widget-container\">\n\t\t\t\t\t<div class=\"elementor-image\">\n\t\t\t\t\t\t\t\t\t\t<img width=\"750\" height=\"422\" src=\"https:\/\/mapochettecadeaux.fr\/wp-content\/uploads\/2021\/03\/pexels-photo-7232507.jpeg\" class=\"attachment-large size-large\" alt=\"\" loading=\"lazy\" srcset=\"https:\/\/mapochettecadeaux.fr\/wp-content\/uploads\/2021\/03\/pexels-photo-7232507.jpeg 1000w, https:\/\/mapochettecadeaux.fr\/wp-content\/uploads\/2021\/03\/pexels-photo-7232507-300x169.jpeg 300w, https:\/\/mapochettecadeaux.fr\/wp-content\/uploads\/2021\/03\/pexels-photo-7232507-768x432.jpeg 768w\" sizes=\"(max-width: 750px) 100vw, 750px\" \/>\t\t\t\t\t\t\t\t\t\t\t<\/div>\n\t\t\t\t<\/div>\n\t\t\t\t<\/div>\n\t\t\t\t\t<\/div>\n\t\t<\/div>\n\t\t\t\t<div class=\"elementor-column elementor-col-50 elementor-top-column elementor-element elementor-element-29ea61e\" data-id=\"29ea61e\" data-element_type=\"column\">\n\t\t\t<div class=\"elementor-widget-wrap elementor-element-populated\">\n\t\t\t\t\t\t\t\t<div class=\"elementor-element elementor-element-f7f6cf1 elementor-widget elementor-widget-heading\" data-id=\"f7f6cf1\" data-element_type=\"widget\" data-widget_type=\"heading.default\">\n\t\t\t\t<div class=\"elementor-widget-container\">\n\t\t\t<h2 class=\"elementor-heading-title elementor-size-default\">Le Papier<\/h2>\t\t<\/div>\n\t\t\t\t<\/div>\n\t\t\t\t<div class=\"elementor-element elementor-element-3378fb6 elementor-widget elementor-widget-text-editor\" data-id=\"3378fb6\" data-element_type=\"widget\" data-widget_type=\"text-editor.default\">\n\t\t\t\t<div class=\"elementor-widget-container\">\n\t\t\t\t\t<div class=\"elementor-text-editor elementor-clearfix\"><p>Le papier est l&rsquo;\u00e9l\u00e9ment essentiel de votre pochette cadeau. C&rsquo;est lui qui d\u00e9finira la robustesse de votre emballage.&nbsp;&nbsp;<br>Chez Mapochettecadeaux nous proposons tout type de papier; du kraft blanc au kraft brun; fin ou \u00e9pais. Vous trouverez tout ce dont vous avez besoin pour confectionner la pochette qui vous correspond !<\/p><\/div>\n\t\t\t\t<\/div>\n\t\t\t\t<\/div>\n\t\t\t\t\t<\/div>\n\t\t<\/div>\n\t\t\t\t\t\t\t<\/div>\n\t\t<\/section>\n\t\t\t\t<section class=\"elementor-section elementor-top-section elementor-element elementor-element-2b9711f elementor-section-boxed elementor-section-height-default elementor-section-height-default\" data-id=\"2b9711f\" data-element_type=\"section\">\n\t\t\t\t\t\t<div class=\"elementor-container elementor-column-gap-default\">\n\t\t\t\t\t<div class=\"elementor-column elementor-col-100 elementor-top-column elementor-element elementor-element-1eebc31\" data-id=\"1eebc31\" data-element_type=\"column\">\n\t\t\t<div class=\"elementor-widget-wrap elementor-element-populated\">\n\t\t\t\t\t\t\t\t<div class=\"elementor-element elementor-element-8418eed elementor-widget elementor-widget-spacer\" data-id=\"8418eed\" data-element_type=\"widget\" data-widget_type=\"spacer.default\">\n\t\t\t\t<div class=\"elementor-widget-container\">\n\t\t\t\t\t<div class=\"elementor-spacer\">\n\t\t\t<div class=\"elementor-spacer-inner\"><\/div>\n\t\t<\/div>\n\t\t\t\t<\/div>\n\t\t\t\t<\/div>\n\t\t\t\t\t<\/div>\n\t\t<\/div>\n\t\t\t\t\t\t\t<\/div>\n\t\t<\/section>\n\t\t\t\t<section class=\"elementor-section elementor-top-section elementor-element elementor-element-91e87ab elementor-section-boxed elementor-section-height-default elementor-section-height-default\" data-id=\"91e87ab\" data-element_type=\"section\">\n\t\t\t\t\t\t<div class=\"elementor-container elementor-column-gap-default\">\n\t\t\t\t\t<div class=\"elementor-column elementor-col-50 elementor-top-column elementor-element elementor-element-cbfe227\" data-id=\"cbfe227\" data-element_type=\"column\">\n\t\t\t<div class=\"elementor-widget-wrap elementor-element-populated\">\n\t\t\t\t\t\t\t\t<div class=\"elementor-element elementor-element-6353dc9 elementor-widget elementor-widget-heading\" data-id=\"6353dc9\" data-element_type=\"widget\" data-widget_type=\"heading.default\">\n\t\t\t\t<div class=\"elementor-widget-container\">\n\t\t\t<h2 class=\"elementor-heading-title elementor-size-default\">L'impression<\/h2>\t\t<\/div>\n\t\t\t\t<\/div>\n\t\t\t\t<div class=\"elementor-element elementor-element-51f94c9 elementor-widget elementor-widget-text-editor\" data-id=\"51f94c9\" data-element_type=\"widget\" data-widget_type=\"text-editor.default\">\n\t\t\t\t<div class=\"elementor-widget-container\">\n\t\t\t\t\t<div class=\"elementor-text-editor elementor-clearfix\"><p>L&rsquo;impression personnalis\u00e9e c&rsquo;est vous distinguer, c&rsquo;est d\u00e9finir votre identit\u00e9 et communiquer autour de celle-ci.<br \/>Que vous vouliez imprimer en une ou plusieurs couleurs, tout est possible pour donner le rendu id\u00e9al \u00e0 votre pochette cadeaux.<\/p><p><\/p><\/div>\n\t\t\t\t<\/div>\n\t\t\t\t<\/div>\n\t\t\t\t\t<\/div>\n\t\t<\/div>\n\t\t\t\t<div class=\"elementor-column elementor-col-50 elementor-top-column elementor-element elementor-element-647cac7\" data-id=\"647cac7\" data-element_type=\"column\">\n\t\t\t<div class=\"elementor-widget-wrap elementor-element-populated\">\n\t\t\t\t\t\t\t\t<div class=\"elementor-element elementor-element-7f57c7a elementor-widget elementor-widget-image\" data-id=\"7f57c7a\" data-element_type=\"widget\" data-widget_type=\"image.default\">\n\t\t\t\t<div class=\"elementor-widget-container\">\n\t\t\t\t\t<div class=\"elementor-image\">\n\t\t\t\t\t\t\t\t\t\t<img width=\"750\" height=\"500\" src=\"https:\/\/mapochettecadeaux.fr\/wp-content\/uploads\/2021\/03\/pexels-photo-4160137-1024x682.jpeg\" class=\"attachment-large size-large\" alt=\"\" loading=\"lazy\" srcset=\"https:\/\/mapochettecadeaux.fr\/wp-content\/uploads\/2021\/03\/pexels-photo-4160137-1024x682.jpeg 1024w, https:\/\/mapochettecadeaux.fr\/wp-content\/uploads\/2021\/03\/pexels-photo-4160137-300x200.jpeg 300w, https:\/\/mapochettecadeaux.fr\/wp-content\/uploads\/2021\/03\/pexels-photo-4160137-768x512.jpeg 768w, https:\/\/mapochettecadeaux.fr\/wp-content\/uploads\/2021\/03\/pexels-photo-4160137-1536x1024.jpeg 1536w, https:\/\/mapochettecadeaux.fr\/wp-content\/uploads\/2021\/03\/pexels-photo-4160137-360x240.jpeg 360w, https:\/\/mapochettecadeaux.fr\/wp-content\/uploads\/2021\/03\/pexels-photo-4160137.jpeg 1880w\" sizes=\"(max-width: 750px) 100vw, 750px\" \/>\t\t\t\t\t\t\t\t\t\t\t<\/div>\n\t\t\t\t<\/div>\n\t\t\t\t<\/div>\n\t\t\t\t\t<\/div>\n\t\t<\/div>\n\t\t\t\t\t\t\t<\/div>\n\t\t<\/section>\n\t\t\t\t<section class=\"elementor-section elementor-top-section elementor-element elementor-element-a78206a elementor-section-boxed elementor-section-height-default elementor-section-height-default\" data-id=\"a78206a\" data-element_type=\"section\">\n\t\t\t\t\t\t<div class=\"elementor-container elementor-column-gap-default\">\n\t\t\t\t\t<div class=\"elementor-column elementor-col-100 elementor-top-column elementor-element elementor-element-b7b427f\" data-id=\"b7b427f\" data-element_type=\"column\">\n\t\t\t<div class=\"elementor-widget-wrap elementor-element-populated\">\n\t\t\t\t\t\t\t\t<div class=\"elementor-element elementor-element-96de8ce elementor-widget elementor-widget-spacer\" data-id=\"96de8ce\" data-element_type=\"widget\" data-widget_type=\"spacer.default\">\n\t\t\t\t<div class=\"elementor-widget-container\">\n\t\t\t\t\t<div class=\"elementor-spacer\">\n\t\t\t<div class=\"elementor-spacer-inner\"><\/div>\n\t\t<\/div>\n\t\t\t\t<\/div>\n\t\t\t\t<\/div>\n\t\t\t\t\t<\/div>\n\t\t<\/div>\n\t\t\t\t\t\t\t<\/div>\n\t\t<\/section>\n\t\t\t\t<section class=\"elementor-section elementor-top-section elementor-element elementor-element-d135774 elementor-section-boxed elementor-section-height-default elementor-section-height-default\" data-id=\"d135774\" data-element_type=\"section\">\n\t\t\t\t\t\t<div class=\"elementor-container elementor-column-gap-default\">\n\t\t\t\t\t<div class=\"elementor-column elementor-col-50 elementor-top-column elementor-element elementor-element-fbf6f03\" data-id=\"fbf6f03\" data-element_type=\"column\">\n\t\t\t<div class=\"elementor-widget-wrap elementor-element-populated\">\n\t\t\t\t\t\t\t\t<div class=\"elementor-element elementor-element-730de5f elementor-hidden-phone elementor-widget elementor-widget-image\" data-id=\"730de5f\" data-element_type=\"widget\" data-widget_type=\"image.default\">\n\t\t\t\t<div class=\"elementor-widget-container\">\n\t\t\t\t\t<div class=\"elementor-image\">\n\t\t\t\t\t\t\t\t\t\t<img width=\"485\" height=\"346\" src=\"https:\/\/mapochettecadeaux.fr\/wp-content\/uploads\/2021\/03\/Copie-de-Ma-pochette-cadeaux-16.png\" class=\"attachment-large size-large\" alt=\"\" loading=\"lazy\" srcset=\"https:\/\/mapochettecadeaux.fr\/wp-content\/uploads\/2021\/03\/Copie-de-Ma-pochette-cadeaux-16.png 485w, https:\/\/mapochettecadeaux.fr\/wp-content\/uploads\/2021\/03\/Copie-de-Ma-pochette-cadeaux-16-300x214.png 300w\" sizes=\"(max-width: 485px) 100vw, 485px\" \/>\t\t\t\t\t\t\t\t\t\t\t<\/div>\n\t\t\t\t<\/div>\n\t\t\t\t<\/div>\n\t\t\t\t\t<\/div>\n\t\t<\/div>\n\t\t\t\t<div class=\"elementor-column elementor-col-50 elementor-top-column elementor-element elementor-element-19af246\" data-id=\"19af246\" data-element_type=\"column\">\n\t\t\t<div class=\"elementor-widget-wrap elementor-element-populated\">\n\t\t\t\t\t\t\t\t<div class=\"elementor-element elementor-element-8813aeb elementor-widget elementor-widget-heading\" data-id=\"8813aeb\" data-element_type=\"widget\" data-widget_type=\"heading.default\">\n\t\t\t\t<div class=\"elementor-widget-container\">\n\t\t\t<h2 class=\"elementor-heading-title elementor-size-default\">Les finitions<\/h2>\t\t<\/div>\n\t\t\t\t<\/div>\n\t\t\t\t<div class=\"elementor-element elementor-element-66d97d0 elementor-widget elementor-widget-text-editor\" data-id=\"66d97d0\" data-element_type=\"widget\" data-widget_type=\"text-editor.default\">\n\t\t\t\t<div class=\"elementor-widget-container\">\n\t\t\t\t\t<div class=\"elementor-text-editor elementor-clearfix\"><p>Sublimez l&rsquo;impression en ajoutant les finitions qui vous correspondent le mieux\u00a0 : vernis s\u00e9lectif, vernis holographique, embossage, gaufrage, dorure \u00e0 chaud..<span style=\"font-size: inherit;\">.\u00a0<\/span><span style=\"font-size: inherit;\">Pour fermer votre pochette, vous pouvez ajouter une bande adh\u00e9sive et un protecteur : gain de temps assur\u00e9 !<\/span><\/p><\/div>\n\t\t\t\t<\/div>\n\t\t\t\t<\/div>\n\t\t\t\t<div class=\"elementor-element elementor-element-0c68e04 elementor-widget elementor-widget-button\" data-id=\"0c68e04\" data-element_type=\"widget\" data-widget_type=\"button.default\">\n\t\t\t\t<div class=\"elementor-widget-container\">\n\t\t\t\t\t<div class=\"elementor-button-wrapper\">\n\t\t\t<a href=\"mailto:info@pack-e.fr\" class=\"elementor-button-link elementor-button elementor-size-xs\" role=\"button\">\n\t\t\t\t\t\t<span class=\"elementor-button-content-wrapper\">\n\t\t\t\t\t\t<span class=\"elementor-button-text\">Besoin d'un devis ? Ou simplement d'information ? Cliquez !<\/span>\n\t\t<\/span>\n\t\t\t\t\t<\/a>\n\t\t<\/div>\n\t\t\t\t<\/div>\n\t\t\t\t<\/div>\n\t\t\t\t\t<\/div>\n\t\t<\/div>\n\t\t\t\t\t\t\t<\/div>\n\t\t<\/section>\n\t\t\t\t\t\t<\/div>\n\t\t\t\t\t<\/div>\n\t\t","protected":false},"excerpt":{"rendered":"<p>5 \/ 5 ( 1 vote ) CREER SA POCHETTE CADEAUX Le Papier Le papier est l&rsquo;\u00e9l\u00e9ment essentiel de votre pochette cadeau. C&rsquo;est lui qui d\u00e9finira la robustesse de votre emballage.&nbsp;&nbsp;Chez Mapochettecadeaux nous proposons tout type de papier; du kraft blanc au kraft brun; fin ou \u00e9pais. Vous trouverez tout [&hellip;]<\/p>\n","protected":false},"author":1,"featured_media":0,"parent":0,"menu_order":0,"comment_status":"closed","ping_status":"closed","template":"page-templates\/template-pagebuilder-full-width.php","meta":[],"yoast_head":"<!-- This site is optimized with the Yoast SEO plugin v16.0.2 - https:\/\/yoast.com\/wordpress\/plugins\/seo\/ -->\n<title>Informations pratiques - mapochettecadeaux.fr<\/title>\n<link rel=\"canonical\" href=\"https:\/\/mapochettecadeaux.fr\/?page_id=517\" \/>\n<meta property=\"og:locale\" content=\"fr_FR\" \/>\n<meta property=\"og:type\" content=\"article\" \/>\n<meta property=\"og:title\" content=\"Informations pratiques - mapochettecadeaux.fr\" \/>\n<meta property=\"og:description\" content=\"5 \/ 5 ( 1 vote ) CREER SA POCHETTE CADEAUX Le Papier Le papier est l&rsquo;\u00e9l\u00e9ment essentiel de votre pochette cadeau. C&rsquo;est lui qui d\u00e9finira la robustesse de votre emballage.&nbsp;&nbsp;Chez Mapochettecadeaux nous proposons tout type de papier; du kraft blanc au kraft brun; fin ou \u00e9pais. Vous trouverez tout [&hellip;]\" \/>\n<meta property=\"og:url\" content=\"https:\/\/mapochettecadeaux.fr\/?page_id=517\" \/>\n<meta property=\"og:site_name\" content=\"mapochettecadeaux.fr\" \/>\n<meta property=\"article:modified_time\" content=\"2021-03-30T07:49:01+00:00\" \/>\n<meta property=\"og:image\" content=\"https:\/\/mapochettecadeaux.fr\/wp-content\/uploads\/2021\/03\/pexels-photo-7232507.jpeg\" \/>\n<meta name=\"twitter:card\" content=\"summary_large_image\" \/>\n<meta name=\"twitter:label1\" content=\"Dur\u00e9e de lecture est.\">\n\t<meta name=\"twitter:data1\" content=\"2 minutes\">\n<script type=\"application\/ld+json\" class=\"yoast-schema-graph\">{\"@context\":\"https:\/\/schema.org\",\"@graph\":[{\"@type\":\"WebSite\",\"@id\":\"https:\/\/mapochettecadeaux.fr\/#website\",\"url\":\"https:\/\/mapochettecadeaux.fr\/\",\"name\":\"mapochettecadeaux.fr\",\"description\":\"Un site utilisant WordPress\",\"potentialAction\":[{\"@type\":\"SearchAction\",\"target\":\"https:\/\/mapochettecadeaux.fr\/?s={search_term_string}\",\"query-input\":\"required name=search_term_string\"}],\"inLanguage\":\"fr-FR\"},{\"@type\":\"ImageObject\",\"@id\":\"https:\/\/mapochettecadeaux.fr\/?page_id=517#primaryimage\",\"inLanguage\":\"fr-FR\",\"url\":\"https:\/\/mapochettecadeaux.fr\/wp-content\/uploads\/2021\/03\/pexels-photo-7232507.jpeg\",\"width\":1000,\"height\":563},{\"@type\":\"WebPage\",\"@id\":\"https:\/\/mapochettecadeaux.fr\/?page_id=517#webpage\",\"url\":\"https:\/\/mapochettecadeaux.fr\/?page_id=517\",\"name\":\"Informations pratiques - mapochettecadeaux.fr\",\"isPartOf\":{\"@id\":\"https:\/\/mapochettecadeaux.fr\/#website\"},\"primaryImageOfPage\":{\"@id\":\"https:\/\/mapochettecadeaux.fr\/?page_id=517#primaryimage\"},\"datePublished\":\"2021-03-25T10:42:43+00:00\",\"dateModified\":\"2021-03-30T07:49:01+00:00\",\"breadcrumb\":{\"@id\":\"https:\/\/mapochettecadeaux.fr\/?page_id=517#breadcrumb\"},\"inLanguage\":\"fr-FR\",\"potentialAction\":[{\"@type\":\"ReadAction\",\"target\":[\"https:\/\/mapochettecadeaux.fr\/?page_id=517\"]}]},{\"@type\":\"BreadcrumbList\",\"@id\":\"https:\/\/mapochettecadeaux.fr\/?page_id=517#breadcrumb\",\"itemListElement\":[{\"@type\":\"ListItem\",\"position\":1,\"item\":{\"@type\":\"WebPage\",\"@id\":\"https:\/\/mapochettecadeaux.fr\/\",\"url\":\"https:\/\/mapochettecadeaux.fr\/\",\"name\":\"Accueil\"}},{\"@type\":\"ListItem\",\"position\":2,\"item\":{\"@type\":\"WebPage\",\"@id\":\"https:\/\/mapochettecadeaux.fr\/?page_id=517\",\"url\":\"https:\/\/mapochettecadeaux.fr\/?page_id=517\",\"name\":\"Informations pratiques\"}}]}]}<\/script>\n<!-- \/ Yoast SEO plugin. -->","amp_validity":null,"amp_enabled":false,"_links":{"self":[{"href":"https:\/\/mapochettecadeaux.fr\/index.php?rest_route=\/wp\/v2\/pages\/517"}],"collection":[{"href":"https:\/\/mapochettecadeaux.fr\/index.php?rest_route=\/wp\/v2\/pages"}],"about":[{"href":"https:\/\/mapochettecadeaux.fr\/index.php?rest_route=\/wp\/v2\/types\/page"}],"author":[{"embeddable":true,"href":"https:\/\/mapochettecadeaux.fr\/index.php?rest_route=\/wp\/v2\/users\/1"}],"replies":[{"embeddable":true,"href":"https:\/\/mapochettecadeaux.fr\/index.php?rest_route=%2Fwp%2Fv2%2Fcomments&post=517"}],"version-history":[{"count":64,"href":"https:\/\/mapochettecadeaux.fr\/index.php?rest_route=\/wp\/v2\/pages\/517\/revisions"}],"predecessor-version":[{"id":605,"href":"https:\/\/mapochettecadeaux.fr\/index.php?rest_route=\/wp\/v2\/pages\/517\/revisions\/605"}],"wp:attachment":[{"href":"https:\/\/mapochettecadeaux.fr\/index.php?rest_route=%2Fwp%2Fv2%2Fmedia&parent=517"}],"curies":[{"name":"wp","href":"https:\/\/api.w.org\/{rel}","templated":true}]}}